{"id":10349,"date":"2019-09-16T07:08:56","date_gmt":"2019-09-16T05:08:56","guid":{"rendered":"https:\/\/www.aljano.it\/?post_type=product&#038;p=10349"},"modified":"2023-11-09T16:10:50","modified_gmt":"2023-11-09T15:10:50","slug":"settefilari","status":"publish","type":"product","link":"https:\/\/aljano.it\/en\/prodotto\/settefilari\/","title":{"rendered":"Settefilari"},"content":{"rendered":"<p><strong>VINIFICAZIONE<\/strong>: Le sette uve che compongono il Lambrusco \u201cSettefilari\u201d vengono raccolte e vinificate tutte insieme. Al momento della vendemmia ognuna ha cos\u00ec un diverso grado di maturazione: in questo modo ogni vitigno contribuisce in modo diverso nel conferire i propri aromi primari, le note mature e quelle fresche di acidit\u00e0, sfruttando al meglio le singole peculiarit\u00e0 per ottenere cos\u00ec un ottimo equilibrio finale.La macerazione sulle bucce non supera mai i 3-4 giorni e il resto della fermentazione continua in acciaio a temperatura controllata.<\/p>\n<p><strong>SPUMANTIZZAZIONE<\/strong>: Metodo \u201cCharmat\u201d: la seconda fermentazione, per la presa di spuma, avviene in autoclave fino al raggiungimento della pressione idonea, poi il vino viene lasciato riposare sui lieviti per un mese circa al fine di ottenere una buona struttura e una complessit\u00e0 di aromi primari e secondari.<\/p>\n<p><strong>CARATTERISTICHE ORGANOLETTICHE<\/strong>: Il vino si presenta di un bel colore rosso rubino intenso e brillante, con un perlage fine e una spuma compatta. Al naso \u00e8 elegante e vivace con profumi di frutta a polpa rossa matura (fragole, ciliegie, ribes) legati da aromi di spezie morbide che donano complessit\u00e0 al prodotto. In bocca si presenta pulito, secco e verticale, con una buona freschezza e un tannino gentile che lascia la bocca pulita e pronta per un altro assaggio.<\/p>\n<p><strong>TEMPERATURA DI SERVIZIO<\/strong>: 12\/15\u00b0 C<\/p>\n<p><strong>ABBINAMENTI<\/strong>: Ottimo con salumi tipici della tradizione reggiana, con piatti a base di carne e dotati di una buona untuosit\u00e0. La sua morte rimane lo gnocco fritto con una fetta di lardo.<\/p>\n<h4><strong><a href=\"https:\/\/prd-wpapps-01.azurewebsites.net\/aljano\/wp-content\/uploads\/sites\/6\/2022\/04\/Settefilari-IT-2022_compressed.pdf\" target=\"_blank\" rel=\"noopener noreferrer\">SCARICA LA SCHEDA TECNICA<\/a><\/strong><\/h4>\n<p>&nbsp;<\/p>\n","protected":false},"excerpt":{"rendered":"<p><strong>Lambrusco &#8211; Rosso frizzante secco<\/strong><br \/>\nLambrusco Reggiano D.O.P.<\/p>\n<p><strong>Territorio<\/strong>: Jano di Scandiano (RE)<\/p>\n<p><strong>Varieta<\/strong>\u2019: 85% (Lambrusco Montericco, Barghi, Maestri, Marani, Olivia, Salamino), 15% Malbo Gentile<\/p>\n<p><strong>Caratteristiche del vigneto<\/strong>:<\/p>\n<ul>\n<li>Altitudine: 200 mt. s.l.m.<\/li>\n<li>Natura del suolo: arenarie, marne, gesso, argille<\/li>\n<li>Sistema di allevamento: cordone speronato e guyot<\/li>\n<li>Eta\u2019 del vigneto: 15 anni<\/li>\n<li>Resa uva per ettaro: da 90 a 110 quintali<\/li>\n<li>Vendemmia: fine settembre<\/li>\n<li>Gradazione alcolica: 11,5% vol.<\/li>\n<\/ul>\n","protected":false},"featured_media":10339,"comment_status":"closed","ping_status":"closed","template":"","meta":[],"product_brand":[],"product_cat":[75],"product_tag":[102],"class_list":{"0":"post-10349","1":"product","2":"type-product","3":"status-publish","4":"has-post-thumbnail","6":"product_cat-vini-rossi","7":"product_tag-lambrusco","9":"first","10":"instock","11":"shipping-taxable","12":"purchasable","13":"product-type-simple"},"_links":{"self":[{"href":"https:\/\/aljano.it\/en\/wp-json\/wp\/v2\/product\/10349","targetHints":{"allow":["GET"]}}],"collection":[{"href":"https:\/\/aljano.it\/en\/wp-json\/wp\/v2\/product"}],"about":[{"href":"https:\/\/aljano.it\/en\/wp-json\/wp\/v2\/types\/product"}],"replies":[{"embeddable":true,"href":"https:\/\/aljano.it\/en\/wp-json\/wp\/v2\/comments?post=10349"}],"wp:featuredmedia":[{"embeddable":true,"href":"https:\/\/aljano.it\/en\/wp-json\/wp\/v2\/media\/10339"}],"wp:attachment":[{"href":"https:\/\/aljano.it\/en\/wp-json\/wp\/v2\/media?parent=10349"}],"wp:term":[{"taxonomy":"product_brand","embeddable":true,"href":"https:\/\/aljano.it\/en\/wp-json\/wp\/v2\/product_brand?post=10349"},{"taxonomy":"product_cat","embeddable":true,"href":"https:\/\/aljano.it\/en\/wp-json\/wp\/v2\/product_cat?post=10349"},{"taxonomy":"product_tag","embeddable":true,"href":"https:\/\/aljano.it\/en\/wp-json\/wp\/v2\/product_tag?post=10349"}],"curies":[{"name":"wp","href":"https:\/\/api.w.org\/{rel}","templated":true}]}}